{"id":342,"date":"2018-08-15T20:31:55","date_gmt":"2018-08-15T18:31:55","guid":{"rendered":"http:\/\/localhost\/earlygrezlocal\/?page_id=219"},"modified":"2024-05-02T20:48:24","modified_gmt":"2024-05-02T18:48:24","slug":"nos-chambres","status":"publish","type":"page","link":"https:\/\/earlygrez.com\/en\/nos-chambres\/","title":{"rendered":"Our Rooms"},"content":{"rendered":"\t\t<div data-elementor-type=\"wp-page\" data-elementor-id=\"342\" class=\"elementor elementor-342\" data-elementor-settings=\"{&quot;ha_cmc_init_switcher&quot;:&quot;no&quot;}\">\n\t\t\t\t\t\t<section class=\"elementor-section elementor-top-section elementor-element elementor-element-50770276 elementor-section-boxed elementor-section-height-default elementor-section-height-default\" data-id=\"50770276\" data-element_type=\"section\" data-e-type=\"section\" data-settings=\"{&quot;_ha_eqh_enable&quot;:false}\">\n\t\t\t\t\t\t<div class=\"elementor-container elementor-column-gap-default\">\n\t\t\t\t\t<div class=\"elementor-column elementor-col-100 elementor-top-column elementor-element elementor-element-36ab85b0\" data-id=\"36ab85b0\" data-element_type=\"column\" data-e-type=\"column\">\n\t\t\t<div class=\"elementor-widget-wrap elementor-element-populated\">\n\t\t\t\t\t\t<div class=\"elementor-element elementor-element-d49548b elementor-widget elementor-widget-text-editor\" data-id=\"d49548b\" data-element_type=\"widget\" data-e-type=\"widget\" data-widget_type=\"text-editor.default\">\n\t\t\t\t<div class=\"elementor-widget-container\">\n\t\t\t\t\t\t\t\t\t<p>Early Grez offre \u00e0 ses h\u00f4tes deux options d&#8217;h\u00e9bergement:<\/p><ul><li><a href=\"http:\/\/earlygrez.com\/chambre-carl-larsson\/\">La Chambre &#8220;Karine&#8221;<\/a> avec lit 160cm, salle de bain, toilettes s\u00e9par\u00e9es (japonaise par Geberit),<\/li><li>La\u00a0<a style=\"background-color: #ffffff;\" href=\"http:\/\/earlygrez.com\/suiteomeara\/\">Chambre &#8220;Belle&#8217;<\/a>: lit 160x200cm toilettes s\u00e9par\u00e9es (japonaise par Geberit)\u00a0<\/li><li>salon et entr\u00e9e ext\u00e9rieur priv\u00e9e.<\/li><\/ul><p>Notre objectif est que nos h\u00f4tes profitent d&#8217;un s\u00e9jour agr\u00e9able, relaxant et confortable \u00e0 Early Grez. Donc, notre politique habituelle est que si un client choisit l&#8217;option chambre individuelle, la 2\u00e8me chambre restera inoccup\u00e9e.<\/p><p>Chaque chambre dispose d&#8217;un lit double, d&#8217;une salle de bains et de toilettes s\u00e9par\u00e9es japonaise fourni par Geberit .<\/p><p>Le salon au 1er \u00e9tage et dispose d&#8217;un balcon donnant sur le jardin et la rivi\u00e8re Loing.<\/p><p><\/p>\t\t\t\t\t\t\t\t<\/div>\n\t\t\t\t<\/div>\n\t\t\t\t\t<\/div>\n\t\t<\/div>\n\t\t\t\t\t<\/div>\n\t\t<\/section>\n\t\t\t\t<\/div>\n\t\t","protected":false},"excerpt":{"rendered":"<p>Early Grez offers guests two accommodation options Double Room with queen size bed, bathroom, separate toilet (Japanese by Geberit ), The &#8220;Belle&#8221; [&hellip;]<\/p>\n","protected":false},"author":2,"featured_media":0,"parent":0,"menu_order":0,"comment_status":"closed","ping_status":"closed","template":"","meta":{"footnotes":""},"class_list":["post-342","page","type-page","status-publish","hentry"],"_links":{"self":[{"href":"https:\/\/earlygrez.com\/en\/wp-json\/wp\/v2\/pages\/342","targetHints":{"allow":["GET"]}}],"collection":[{"href":"https:\/\/earlygrez.com\/en\/wp-json\/wp\/v2\/pages"}],"about":[{"href":"https:\/\/earlygrez.com\/en\/wp-json\/wp\/v2\/types\/page"}],"author":[{"embeddable":true,"href":"https:\/\/earlygrez.com\/en\/wp-json\/wp\/v2\/users\/2"}],"replies":[{"embeddable":true,"href":"https:\/\/earlygrez.com\/en\/wp-json\/wp\/v2\/comments?post=342"}],"version-history":[{"count":12,"href":"https:\/\/earlygrez.com\/en\/wp-json\/wp\/v2\/pages\/342\/revisions"}],"predecessor-version":[{"id":775,"href":"https:\/\/earlygrez.com\/en\/wp-json\/wp\/v2\/pages\/342\/revisions\/775"}],"wp:attachment":[{"href":"https:\/\/earlygrez.com\/en\/wp-json\/wp\/v2\/media?parent=342"}],"curies":[{"name":"wp","href":"https:\/\/api.w.org\/{rel}","templated":true}]}}