{"id":330,"date":"2020-05-30T02:28:38","date_gmt":"2020-05-30T00:28:38","guid":{"rendered":"http:\/\/earlygrez.com\/?page_id=330"},"modified":"2020-06-03T12:38:01","modified_gmt":"2020-06-03T10:38:01","slug":"mesures-covid19","status":"publish","type":"page","link":"https:\/\/earlygrez.com\/en\/mesures-covid19\/","title":{"rendered":"Measures COVID-19"},"content":{"rendered":"\t\t<div data-elementor-type=\"wp-page\" data-elementor-id=\"330\" class=\"elementor elementor-330\" data-elementor-settings=\"{&quot;ha_cmc_init_switcher&quot;:&quot;no&quot;}\">\n\t\t\t\t\t\t<section class=\"elementor-section elementor-top-section elementor-element elementor-element-1ad9959a elementor-section-boxed elementor-section-height-default elementor-section-height-default\" data-id=\"1ad9959a\" data-element_type=\"section\" data-e-type=\"section\" data-settings=\"{&quot;_ha_eqh_enable&quot;:false}\">\n\t\t\t\t\t\t<div class=\"elementor-container elementor-column-gap-default\">\n\t\t\t\t\t<div class=\"elementor-column elementor-col-100 elementor-top-column elementor-element elementor-element-520308\" data-id=\"520308\" data-element_type=\"column\" data-e-type=\"column\">\n\t\t\t<div class=\"elementor-widget-wrap elementor-element-populated\">\n\t\t\t\t\t\t<div class=\"elementor-element elementor-element-1eece0c5 elementor-widget elementor-widget-text-editor\" data-id=\"1eece0c5\" data-element_type=\"widget\" data-e-type=\"widget\" data-widget_type=\"text-editor.default\">\n\t\t\t\t<div class=\"elementor-widget-container\">\n\t\t\t\t\t\t\t\t\tMesures-COVID19\t\t\t\t\t\t\t\t<\/div>\n\t\t\t\t<\/div>\n\t\t\t\t\t<\/div>\n\t\t<\/div>\n\t\t\t\t\t<\/div>\n\t\t<\/section>\n\t\t\t\t<section class=\"elementor-section elementor-top-section elementor-element elementor-element-1ca76d05 elementor-section-full_width elementor-section-height-default elementor-section-height-default\" data-id=\"1ca76d05\" data-element_type=\"section\" data-e-type=\"section\" data-settings=\"{&quot;_ha_eqh_enable&quot;:false}\">\n\t\t\t\t\t\t<div class=\"elementor-container elementor-column-gap-default\">\n\t\t\t\t\t<div class=\"elementor-column elementor-col-100 elementor-top-column elementor-element elementor-element-17ed58f5\" data-id=\"17ed58f5\" data-element_type=\"column\" data-e-type=\"column\">\n\t\t\t<div class=\"elementor-widget-wrap\">\n\t\t\t\t\t\t\t<\/div>\n\t\t<\/div>\n\t\t\t\t\t<\/div>\n\t\t<\/section>\n\t\t\t\t<section class=\"elementor-section elementor-top-section elementor-element elementor-element-6fab9e84 elementor-section-full_width elementor-section-height-min-height elementor-section-height-default elementor-section-items-middle\" data-id=\"6fab9e84\" data-element_type=\"section\" data-e-type=\"section\" data-settings=\"{&quot;background_background&quot;:&quot;classic&quot;,&quot;_ha_eqh_enable&quot;:false}\">\n\t\t\t\t\t\t<div class=\"elementor-container elementor-column-gap-default\">\n\t\t\t\t\t<div class=\"elementor-column elementor-col-50 elementor-top-column elementor-element elementor-element-7e2e0159\" data-id=\"7e2e0159\" data-element_type=\"column\" data-e-type=\"column\">\n\t\t\t<div class=\"elementor-widget-wrap elementor-element-populated\">\n\t\t\t\t\t\t<div class=\"elementor-element elementor-element-15f1b9e elementor-widget elementor-widget-heading\" data-id=\"15f1b9e\" data-element_type=\"widget\" data-e-type=\"widget\" data-widget_type=\"heading.default\">\n\t\t\t\t<div class=\"elementor-widget-container\">\n\t\t\t\t\t<h2 class=\"elementor-heading-title elementor-size-default\">Mesures sp\u00e9ciales \u00e0 Early Grez pour COVID-19\n<\/h2>\t\t\t\t<\/div>\n\t\t\t\t<\/div>\n\t\t\t\t<div class=\"elementor-element elementor-element-1bc87a1d elementor-widget elementor-widget-text-editor\" data-id=\"1bc87a1d\" data-element_type=\"widget\" data-e-type=\"widget\" data-widget_type=\"text-editor.default\">\n\t\t\t\t<div class=\"elementor-widget-container\">\n\t\t\t\t\t\t\t\t\t<p><\/p><p style=\"text-align: center;\">Le d\u00e9-confinement progressif se met en place en Seine-et-Marne.\u00a0<span style=\"letter-spacing: 0.7px;\">Nous vous informons de nos mesures mises en oeuvre pour votre accueil dans ses chambres d\u2019h\u00f4tes.<\/span><\/p><p style=\"text-align: center;\">Solidaires et attentifs les uns aux autres, nous serons plus forts pour faire barage au coronavirus et retrouver notre libert\u00e9 !<\/p><p><\/span><\/p>\t\t\t\t\t\t\t\t<\/div>\n\t\t\t\t<\/div>\n\t\t\t\t\t<\/div>\n\t\t<\/div>\n\t\t\t\t<div class=\"elementor-column elementor-col-50 elementor-top-column elementor-element elementor-element-783e91d1\" data-id=\"783e91d1\" data-element_type=\"column\" data-e-type=\"column\">\n\t\t\t<div class=\"elementor-widget-wrap elementor-element-populated\">\n\t\t\t\t\t\t<div class=\"elementor-element elementor-element-6edddf84 elementor-widget elementor-widget-image\" data-id=\"6edddf84\" data-element_type=\"widget\" data-e-type=\"widget\" data-widget_type=\"image.default\">\n\t\t\t\t<div class=\"elementor-widget-container\">\n\t\t\t\t\t\t\t\t\t\t\t\t\t\t\t<img fetchpriority=\"high\" decoding=\"async\" width=\"300\" height=\"224\" src=\"http:\/\/earlygrez.com\/wp-content\/uploads\/2018\/09\/FullSizeRender_842-300x224.jpg\" class=\"attachment-medium size-medium wp-image-234\" alt=\"\" srcset=\"http:\/\/earlygrez.com\/wp-content\/uploads\/2018\/09\/FullSizeRender_842-300x224.jpg 300w, http:\/\/earlygrez.com\/wp-content\/uploads\/2018\/09\/FullSizeRender_842-768x574.jpg 768w, http:\/\/earlygrez.com\/wp-content\/uploads\/2018\/09\/FullSizeRender_842-1024x765.jpg 1024w, http:\/\/earlygrez.com\/wp-content\/uploads\/2018\/09\/FullSizeRender_842-830x620.jpg 830w, http:\/\/earlygrez.com\/wp-content\/uploads\/2018\/09\/FullSizeRender_842-230x172.jpg 230w, http:\/\/earlygrez.com\/wp-content\/uploads\/2018\/09\/FullSizeRender_842-350x261.jpg 350w, http:\/\/earlygrez.com\/wp-content\/uploads\/2018\/09\/FullSizeRender_842-480x359.jpg 480w, http:\/\/earlygrez.com\/wp-content\/uploads\/2018\/09\/FullSizeRender_842.jpg 1296w\" sizes=\"(max-width: 300px) 100vw, 300px\" \/>\t\t\t\t\t\t\t\t\t\t\t\t\t\t\t<\/div>\n\t\t\t\t<\/div>\n\t\t\t\t\t<\/div>\n\t\t<\/div>\n\t\t\t\t\t<\/div>\n\t\t<\/section>\n\t\t\t\t<section class=\"elementor-section elementor-top-section elementor-element elementor-element-72a8e28a elementor-section-full_width elementor-section-height-default elementor-section-height-default\" data-id=\"72a8e28a\" data-element_type=\"section\" data-e-type=\"section\" data-settings=\"{&quot;background_background&quot;:&quot;classic&quot;,&quot;_ha_eqh_enable&quot;:false}\">\n\t\t\t\t\t\t<div class=\"elementor-container elementor-column-gap-extended\">\n\t\t\t\t\t<div class=\"elementor-column elementor-col-33 elementor-top-column elementor-element elementor-element-e17f7b9\" data-id=\"e17f7b9\" data-element_type=\"column\" data-e-type=\"column\">\n\t\t\t<div class=\"elementor-widget-wrap elementor-element-populated\">\n\t\t\t\t\t\t<div class=\"elementor-element elementor-element-5a24fcbd elementor-widget elementor-widget-text-editor\" data-id=\"5a24fcbd\" data-element_type=\"widget\" data-e-type=\"widget\" data-widget_type=\"text-editor.default\">\n\t\t\t\t<div class=\"elementor-widget-container\">\n\t\t\t\t\t\t\t\t\t<p>Pour des vacances saines et sereines \u00e0 Early Grez maison d&#8217;h\u00f4tes<\/p><p><\/p>\t\t\t\t\t\t\t\t<\/div>\n\t\t\t\t<\/div>\n\t\t\t\t<div class=\"elementor-element elementor-element-5a98b7cf elementor-widget elementor-widget-image\" data-id=\"5a98b7cf\" data-element_type=\"widget\" data-e-type=\"widget\" data-widget_type=\"image.default\">\n\t\t\t\t<div class=\"elementor-widget-container\">\n\t\t\t\t\t\t\t\t\t\t\t\t\t\t\t<img decoding=\"async\" width=\"300\" height=\"225\" src=\"http:\/\/earlygrez.com\/wp-content\/uploads\/2018\/05\/IMG_20180503_153111-300x225.jpg\" class=\"attachment-medium size-medium wp-image-86\" alt=\"\" srcset=\"http:\/\/earlygrez.com\/wp-content\/uploads\/2018\/05\/IMG_20180503_153111-300x225.jpg 300w, http:\/\/earlygrez.com\/wp-content\/uploads\/2018\/05\/IMG_20180503_153111-768x576.jpg 768w, http:\/\/earlygrez.com\/wp-content\/uploads\/2018\/05\/IMG_20180503_153111-1024x768.jpg 1024w, http:\/\/earlygrez.com\/wp-content\/uploads\/2018\/05\/IMG_20180503_153111-830x623.jpg 830w, http:\/\/earlygrez.com\/wp-content\/uploads\/2018\/05\/IMG_20180503_153111-230x173.jpg 230w, http:\/\/earlygrez.com\/wp-content\/uploads\/2018\/05\/IMG_20180503_153111-350x263.jpg 350w, http:\/\/earlygrez.com\/wp-content\/uploads\/2018\/05\/IMG_20180503_153111-480x360.jpg 480w\" sizes=\"(max-width: 300px) 100vw, 300px\" \/>\t\t\t\t\t\t\t\t\t\t\t\t\t\t\t<\/div>\n\t\t\t\t<\/div>\n\t\t\t\t\t<\/div>\n\t\t<\/div>\n\t\t\t\t<div class=\"elementor-column elementor-col-33 elementor-top-column elementor-element elementor-element-67e4d7b\" data-id=\"67e4d7b\" data-element_type=\"column\" data-e-type=\"column\">\n\t\t\t<div class=\"elementor-widget-wrap elementor-element-populated\">\n\t\t\t\t\t\t<div class=\"elementor-element elementor-element-158cc07 elementor-view-stacked elementor-shape-circle elementor-widget elementor-widget-icon\" data-id=\"158cc07\" data-element_type=\"widget\" data-e-type=\"widget\" data-widget_type=\"icon.default\">\n\t\t\t\t<div class=\"elementor-widget-container\">\n\t\t\t\t\t\t\t<div class=\"elementor-icon-wrapper\">\n\t\t\t<div class=\"elementor-icon\">\n\t\t\t\t\t\t\t<i class=\"fa fa-star\" aria-hidden=\"true\"><\/i>\n\t\t\t\t\t\t<\/div>\n\t\t<\/div>\n\t\t\t\t\t\t<\/div>\n\t\t\t\t<\/div>\n\t\t\t\t<div class=\"elementor-element elementor-element-48d0b955 elementor-widget elementor-widget-heading\" data-id=\"48d0b955\" data-element_type=\"widget\" data-e-type=\"widget\" data-widget_type=\"heading.default\">\n\t\t\t\t<div class=\"elementor-widget-container\">\n\t\t\t\t\t<h2 class=\"elementor-heading-title elementor-size-default\">ADMINISTRATIF-R\u00c9SERVATION<\/h2>\t\t\t\t<\/div>\n\t\t\t\t<\/div>\n\t\t\t\t<div class=\"elementor-element elementor-element-4b785059 elementor-widget elementor-widget-text-editor\" data-id=\"4b785059\" data-element_type=\"widget\" data-e-type=\"widget\" data-widget_type=\"text-editor.default\">\n\t\t\t\t<div class=\"elementor-widget-container\">\n\t\t\t\t\t\t\t\t\t<ul><li><span style=\"background-color: transparent; font-size: 16px;\">R\u00e9servation : Minimum de 2 nuits en raison des imp\u00e9ratifs de d\u00e9sinfection des locaux et du linge.<\/span><\/li><li>Chambres: Pendant COVID-19 seulement l&#8217;\u00e9space double est disponible.<\/li><li><span style=\"background-color: transparent;\">Annulation :<\/span><\/li><li><p><span style=\"background-color: transparent;\">Paiement : en ligne ou par virement bancaire, par PayPal, ch\u00e8que bancaire (en \u20ac)<\/span><\/p><\/li><li><p>D\u00e9claration sur l\u2019honneur de bonne sant\u00e9 \u00e0 me remettre sign\u00e9e \u00e0 votre arriv\u00e9e. Si vous pr\u00e9sentez des sympt\u00f4mes de COVID-19 \u00e0 votre arriv\u00e9e \u00e0 Early Grez, nous nous r\u00e9servons le droit d&#8217;annuler votre r\u00e9servation<\/p><\/li><li><p><\/p><\/li><\/ul>\t\t\t\t\t\t\t\t<\/div>\n\t\t\t\t<\/div>\n\t\t\t\t<div class=\"elementor-element elementor-element-5bc03b02 elementor-view-stacked elementor-shape-circle elementor-widget elementor-widget-icon\" data-id=\"5bc03b02\" data-element_type=\"widget\" data-e-type=\"widget\" data-widget_type=\"icon.default\">\n\t\t\t\t<div class=\"elementor-widget-container\">\n\t\t\t\t\t\t\t<div class=\"elementor-icon-wrapper\">\n\t\t\t<div class=\"elementor-icon\">\n\t\t\t\t\t\t\t<i class=\"fa fa-star\" aria-hidden=\"true\"><\/i>\n\t\t\t\t\t\t<\/div>\n\t\t<\/div>\n\t\t\t\t\t\t<\/div>\n\t\t\t\t<\/div>\n\t\t\t\t<div class=\"elementor-element elementor-element-22f08ea8 elementor-widget elementor-widget-heading\" data-id=\"22f08ea8\" data-element_type=\"widget\" data-e-type=\"widget\" data-widget_type=\"heading.default\">\n\t\t\t\t<div class=\"elementor-widget-container\">\n\t\t\t\t\t<h2 class=\"elementor-heading-title elementor-size-default\">GESTES BARRI\u00c8RE<\/h2>\t\t\t\t<\/div>\n\t\t\t\t<\/div>\n\t\t\t\t<div class=\"elementor-element elementor-element-4d8fc566 elementor-widget elementor-widget-text-editor\" data-id=\"4d8fc566\" data-element_type=\"widget\" data-e-type=\"widget\" data-widget_type=\"text-editor.default\">\n\t\t\t\t<div class=\"elementor-widget-container\">\n\t\t\t\t\t\t\t\t\t<ul><li><span lang=\"FR\"><\/span><span lang=\"FR\">Savon \u00e0 disposition dans toutes les salles.<\/span><\/li><li><span lang=\"FR\">Distance minimale d\u2019un m\u00e8tre en toute circonstance.<\/span><\/li><li><span style=\"background-color: transparent; font-size: 16px;\">Les poign\u00e9es\u00a0 sont d\u00e9sinfect\u00e9s avant votre arriv\u00e9.<\/span><\/li><li><span style=\"background-color: transparent; font-size: 16px;\"><\/span><\/li><\/ul>\t\t\t\t\t\t\t\t<\/div>\n\t\t\t\t<\/div>\n\t\t\t\t<div class=\"elementor-element elementor-element-617859b6 elementor-view-stacked elementor-shape-circle elementor-widget elementor-widget-icon\" data-id=\"617859b6\" data-element_type=\"widget\" data-e-type=\"widget\" data-widget_type=\"icon.default\">\n\t\t\t\t<div class=\"elementor-widget-container\">\n\t\t\t\t\t\t\t<div class=\"elementor-icon-wrapper\">\n\t\t\t<div class=\"elementor-icon\">\n\t\t\t\t\t\t\t<i class=\"fa fa-star\" aria-hidden=\"true\"><\/i>\n\t\t\t\t\t\t<\/div>\n\t\t<\/div>\n\t\t\t\t\t\t<\/div>\n\t\t\t\t<\/div>\n\t\t\t\t<div class=\"elementor-element elementor-element-713cf495 elementor-widget elementor-widget-heading\" data-id=\"713cf495\" data-element_type=\"widget\" data-e-type=\"widget\" data-widget_type=\"heading.default\">\n\t\t\t\t<div class=\"elementor-widget-container\">\n\t\t\t\t\t<h2 class=\"elementor-heading-title elementor-size-default\">AM\u00c9NAGEMENT DES LOCAUX<\/h2>\t\t\t\t<\/div>\n\t\t\t\t<\/div>\n\t\t\t\t<div class=\"elementor-element elementor-element-7fb2ec79 elementor-widget elementor-widget-text-editor\" data-id=\"7fb2ec79\" data-element_type=\"widget\" data-e-type=\"widget\" data-widget_type=\"text-editor.default\">\n\t\t\t\t<div class=\"elementor-widget-container\">\n\t\t\t\t\t\t\t\t\t<p><span style=\"background-color: transparent; font-size: 16px;\"><\/span>Les objets de &nbsp;d\u00e9coration dans les chambres seront limit\u00e9s, sans pour autant oter ce qui fait leur charme\u2026<\/p><p><span style=\"background-color: transparent; font-size: 16px;\"><\/span><\/p>\t\t\t\t\t\t\t\t<\/div>\n\t\t\t\t<\/div>\n\t\t\t\t\t<\/div>\n\t\t<\/div>\n\t\t\t\t<div class=\"elementor-column elementor-col-33 elementor-top-column elementor-element elementor-element-27a17d9b\" data-id=\"27a17d9b\" data-element_type=\"column\" data-e-type=\"column\">\n\t\t\t<div class=\"elementor-widget-wrap elementor-element-populated\">\n\t\t\t\t\t\t<div class=\"elementor-element elementor-element-4e8fc60b elementor-view-stacked elementor-shape-circle elementor-widget elementor-widget-icon\" data-id=\"4e8fc60b\" data-element_type=\"widget\" data-e-type=\"widget\" data-widget_type=\"icon.default\">\n\t\t\t\t<div class=\"elementor-widget-container\">\n\t\t\t\t\t\t\t<div class=\"elementor-icon-wrapper\">\n\t\t\t<div class=\"elementor-icon\">\n\t\t\t\t\t\t\t<i class=\"fa fa-star\" aria-hidden=\"true\"><\/i>\n\t\t\t\t\t\t<\/div>\n\t\t<\/div>\n\t\t\t\t\t\t<\/div>\n\t\t\t\t<\/div>\n\t\t\t\t<div class=\"elementor-element elementor-element-20cba647 elementor-widget elementor-widget-heading\" data-id=\"20cba647\" data-element_type=\"widget\" data-e-type=\"widget\" data-widget_type=\"heading.default\">\n\t\t\t\t<div class=\"elementor-widget-container\">\n\t\t\t\t\t<h2 class=\"elementor-heading-title elementor-size-default\">HYGI\u00c8NE-M\u00c9NAGE<\/h2>\t\t\t\t<\/div>\n\t\t\t\t<\/div>\n\t\t\t\t<div class=\"elementor-element elementor-element-5ef20a59 elementor-widget elementor-widget-text-editor\" data-id=\"5ef20a59\" data-element_type=\"widget\" data-e-type=\"widget\" data-widget_type=\"text-editor.default\">\n\t\t\t\t<div class=\"elementor-widget-container\">\n\t\t\t\t\t\t\t\t\t<ul><li><p><span style=\"background-color: transparent;\"><\/span>M\u00e9nage et d\u00e9sinfection des locaux apr\u00e8s chaque d\u00e9part.<\/p><\/li><li><p>Au vu du temps suppl\u00e9mentaire n\u00e9cessaire, les heures de d\u00e9part et d\u2019arriv\u00e9e pourront \u00eatre modifi\u00e9es.<\/p><\/li><li><p><span style=\"background-color: transparent;\"><\/span><\/p><\/li><\/ul>\t\t\t\t\t\t\t\t<\/div>\n\t\t\t\t<\/div>\n\t\t\t\t<div class=\"elementor-element elementor-element-26364f98 elementor-view-stacked elementor-shape-circle elementor-widget elementor-widget-icon\" data-id=\"26364f98\" data-element_type=\"widget\" data-e-type=\"widget\" data-widget_type=\"icon.default\">\n\t\t\t\t<div class=\"elementor-widget-container\">\n\t\t\t\t\t\t\t<div class=\"elementor-icon-wrapper\">\n\t\t\t<div class=\"elementor-icon\">\n\t\t\t\t\t\t\t<i class=\"fa fa-star\" aria-hidden=\"true\"><\/i>\n\t\t\t\t\t\t<\/div>\n\t\t<\/div>\n\t\t\t\t\t\t<\/div>\n\t\t\t\t<\/div>\n\t\t\t\t<div class=\"elementor-element elementor-element-69ede828 elementor-widget elementor-widget-heading\" data-id=\"69ede828\" data-element_type=\"widget\" data-e-type=\"widget\" data-widget_type=\"heading.default\">\n\t\t\t\t<div class=\"elementor-widget-container\">\n\t\t\t\t\t<h2 class=\"elementor-heading-title elementor-size-default\">PETIT D\u00c9JEUNER<\/h2>\t\t\t\t<\/div>\n\t\t\t\t<\/div>\n\t\t\t\t<div class=\"elementor-element elementor-element-2edc3632 elementor-widget elementor-widget-text-editor\" data-id=\"2edc3632\" data-element_type=\"widget\" data-e-type=\"widget\" data-widget_type=\"text-editor.default\">\n\t\t\t\t<div class=\"elementor-widget-container\">\n\t\t\t\t\t\t\t\t\t<ul><li><p><span style=\"background-color: transparent;\"><\/span>Le petit d\u00e9jeuner sera servi de 8h30 \u00e0 10h30<\/p><\/li><li><p><span style=\"background-color: transparent;\">DEPOS\u00c9 AU PIEDS DE L&#8217;ESCALIER dans un panier ou \u00e0 l\u2019ext\u00e9rieur si le temps le permet.<\/span><\/p><\/li><li><p><span style=\"background-color: transparent;\"><\/span><\/p><\/li><\/ul>\t\t\t\t\t\t\t\t<\/div>\n\t\t\t\t<\/div>\n\t\t\t\t<div class=\"elementor-element elementor-element-5942ab30 elementor-view-stacked elementor-shape-circle elementor-widget elementor-widget-icon\" data-id=\"5942ab30\" data-element_type=\"widget\" data-e-type=\"widget\" data-widget_type=\"icon.default\">\n\t\t\t\t<div class=\"elementor-widget-container\">\n\t\t\t\t\t\t\t<div class=\"elementor-icon-wrapper\">\n\t\t\t<div class=\"elementor-icon\">\n\t\t\t\t\t\t\t<i class=\"fa fa-star\" aria-hidden=\"true\"><\/i>\n\t\t\t\t\t\t<\/div>\n\t\t<\/div>\n\t\t\t\t\t\t<\/div>\n\t\t\t\t<\/div>\n\t\t\t\t<div class=\"elementor-element elementor-element-77813b04 elementor-widget elementor-widget-heading\" data-id=\"77813b04\" data-element_type=\"widget\" data-e-type=\"widget\" data-widget_type=\"heading.default\">\n\t\t\t\t<div class=\"elementor-widget-container\">\n\t\t\t\t\t<h2 class=\"elementor-heading-title elementor-size-default\"><\/span>TOURISME<\/h2>\t\t\t\t<\/div>\n\t\t\t\t<\/div>\n\t\t\t\t<div class=\"elementor-element elementor-element-38bd2e56 elementor-widget elementor-widget-text-editor\" data-id=\"38bd2e56\" data-element_type=\"widget\" data-e-type=\"widget\" data-widget_type=\"text-editor.default\">\n\t\t\t\t<div class=\"elementor-widget-container\">\n\t\t\t\t\t\t\t\t\t<p><span style=\"background-color: transparent; font-size: 16px;\"><\/span>Par mesure d\u2019hygi\u00e8ne, les d\u00e9pliants et brochures touristiques ne seront pas accessibles. Je me tiendrai n\u00e9anmoins \u00e0 votre disposition pour vous renseigner, et de nombreuses\u00a0informations touristiques sont disponibles sur ce site.<\/p><p><span style=\"background-color: transparent; font-size: 16px;\"><\/span><\/p>\t\t\t\t\t\t\t\t<\/div>\n\t\t\t\t<\/div>\n\t\t\t\t\t<\/div>\n\t\t<\/div>\n\t\t\t\t\t<\/div>\n\t\t<\/section>\n\t\t\t\t<section class=\"elementor-section elementor-top-section elementor-element elementor-element-411fbb69 elementor-section-full_width elementor-section-height-default elementor-section-height-default\" data-id=\"411fbb69\" data-element_type=\"section\" data-e-type=\"section\" data-settings=\"{&quot;background_background&quot;:&quot;classic&quot;,&quot;_ha_eqh_enable&quot;:false}\">\n\t\t\t\t\t\t<div class=\"elementor-container elementor-column-gap-default\">\n\t\t\t\t\t<div class=\"elementor-column elementor-col-100 elementor-top-column elementor-element elementor-element-336b3231\" data-id=\"336b3231\" data-element_type=\"column\" data-e-type=\"column\">\n\t\t\t<div class=\"elementor-widget-wrap elementor-element-populated\">\n\t\t\t\t\t\t<div class=\"elementor-element elementor-element-51ddb79c elementor-align-right elementor-widget elementor-widget-button\" data-id=\"51ddb79c\" data-element_type=\"widget\" data-e-type=\"widget\" id=\"COVID19page\" data-widget_type=\"button.default\">\n\t\t\t\t<div class=\"elementor-widget-container\">\n\t\t\t\t\t\t\t\t\t<div class=\"elementor-button-wrapper\">\n\t\t\t\t\t<a class=\"elementor-button elementor-button-link elementor-size-sm elementor-animation-bob\" href=\"http:\/\/earlygrez.com\/\" id=\"COVIDpageReturn\">\n\t\t\t\t\t\t<span class=\"elementor-button-content-wrapper\">\n\t\t\t\t\t\t\t\t\t<span class=\"elementor-button-text\">Au plaisir de vous accueillir<\/span>\n\t\t\t\t\t<\/span>\n\t\t\t\t\t<\/a>\n\t\t\t\t<\/div>\n\t\t\t\t\t\t\t\t<\/div>\n\t\t\t\t<\/div>\n\t\t\t\t\t<\/div>\n\t\t<\/div>\n\t\t\t\t\t<\/div>\n\t\t<\/section>\n\t\t\t\t<\/div>\n\t\t","protected":false},"excerpt":{"rendered":"<p>Mesures-COVID19 COVID-19 special measures at Early Grez Progressive relaxation of the COVID-19 confinement rules is taking place in Seine-et-Marne. On this page [&hellip;]<\/p>\n","protected":false},"author":1,"featured_media":0,"parent":0,"menu_order":0,"comment_status":"closed","ping_status":"closed","template":"elementor_canvas","meta":{"footnotes":""},"class_list":["post-330","page","type-page","status-publish","hentry"],"_links":{"self":[{"href":"https:\/\/earlygrez.com\/en\/wp-json\/wp\/v2\/pages\/330","targetHints":{"allow":["GET"]}}],"collection":[{"href":"https:\/\/earlygrez.com\/en\/wp-json\/wp\/v2\/pages"}],"about":[{"href":"https:\/\/earlygrez.com\/en\/wp-json\/wp\/v2\/types\/page"}],"author":[{"embeddable":true,"href":"https:\/\/earlygrez.com\/en\/wp-json\/wp\/v2\/users\/1"}],"replies":[{"embeddable":true,"href":"https:\/\/earlygrez.com\/en\/wp-json\/wp\/v2\/comments?post=330"}],"version-history":[{"count":23,"href":"https:\/\/earlygrez.com\/en\/wp-json\/wp\/v2\/pages\/330\/revisions"}],"predecessor-version":[{"id":378,"href":"https:\/\/earlygrez.com\/en\/wp-json\/wp\/v2\/pages\/330\/revisions\/378"}],"wp:attachment":[{"href":"https:\/\/earlygrez.com\/en\/wp-json\/wp\/v2\/media?parent=330"}],"curies":[{"name":"wp","href":"https:\/\/api.w.org\/{rel}","templated":true}]}}