{"id":113,"date":"2018-05-21T15:08:54","date_gmt":"2018-05-21T13:08:54","guid":{"rendered":"http:\/\/earlygrez.com\/?page_id=113"},"modified":"2024-05-02T21:08:42","modified_gmt":"2024-05-02T19:08:42","slug":"chambrebelle","status":"publish","type":"page","link":"https:\/\/earlygrez.com\/en\/chambrebelle\/","title":{"rendered":"&#8221;Belle&#8221; Bedroom"},"content":{"rendered":"\t\t<div data-elementor-type=\"wp-page\" data-elementor-id=\"113\" class=\"elementor elementor-113\" data-elementor-settings=\"{&quot;ha_cmc_init_switcher&quot;:&quot;no&quot;}\">\n\t\t\t\t\t\t<section class=\"elementor-section elementor-top-section elementor-element elementor-element-1965e176 elementor-section-boxed elementor-section-height-default elementor-section-height-default\" data-id=\"1965e176\" data-element_type=\"section\" data-e-type=\"section\" data-settings=\"{&quot;_ha_eqh_enable&quot;:false}\">\n\t\t\t\t\t\t<div class=\"elementor-container elementor-column-gap-default\">\n\t\t\t\t\t<div class=\"elementor-column elementor-col-100 elementor-top-column elementor-element elementor-element-13feda90\" data-id=\"13feda90\" data-element_type=\"column\" data-e-type=\"column\">\n\t\t\t<div class=\"elementor-widget-wrap elementor-element-populated\">\n\t\t\t\t\t\t<div class=\"elementor-element elementor-element-354a21af elementor-widget elementor-widget-text-editor\" data-id=\"354a21af\" data-element_type=\"widget\" data-e-type=\"widget\" data-widget_type=\"text-editor.default\">\n\t\t\t\t<div class=\"elementor-widget-container\">\n\t\t\t\t\t\t\t\t\t<p>La chambre &#8220;Belle&#8221;\u00a0 a une ambiance plus cottage et sa propre salle de bain et ses toilettes japonaise Geberit.<\/p><p>La chambre prend le nom de la compagnon du peintre irlandais &#8220;Frank O&#8217;Meara&#8221;, le premier d&#8217;une longue s\u00e9rie d&#8217;artistes internationaux qui ont r\u00e9sid\u00e9 dans le village de Grez-sur-Loing.<\/p><p><span style=\"color: #0000ff;\"><em><strong><a style=\"color: #0000ff;\" href=\"http:\/\/earlygrez.com\/contact\/\">Reservation<\/a><\/strong><\/em><\/span><\/p><p>\u00a0<\/p><p><img fetchpriority=\"high\" decoding=\"async\" class=\"alignnone size-medium wp-image-120\" src=\"http:\/\/earlygrez.com\/wp-content\/uploads\/2018\/05\/IMG_0290-280x300.jpg\" alt=\"\" width=\"280\" height=\"300\" srcset=\"https:\/\/earlygrez.com\/wp-content\/uploads\/2018\/05\/IMG_0290-280x300.jpg 280w, https:\/\/earlygrez.com\/wp-content\/uploads\/2018\/05\/IMG_0290-768x823.jpg 768w, https:\/\/earlygrez.com\/wp-content\/uploads\/2018\/05\/IMG_0290-955x1024.jpg 955w, https:\/\/earlygrez.com\/wp-content\/uploads\/2018\/05\/IMG_0290-830x890.jpg 830w, https:\/\/earlygrez.com\/wp-content\/uploads\/2018\/05\/IMG_0290-230x247.jpg 230w, https:\/\/earlygrez.com\/wp-content\/uploads\/2018\/05\/IMG_0290-350x375.jpg 350w, https:\/\/earlygrez.com\/wp-content\/uploads\/2018\/05\/IMG_0290-480x515.jpg 480w, https:\/\/earlygrez.com\/wp-content\/uploads\/2018\/05\/IMG_0290.jpg 1194w\" sizes=\"(max-width: 280px) 100vw, 280px\" \/>\u00a0<img decoding=\"async\" class=\"alignnone size-medium wp-image-216\" src=\"http:\/\/earlygrez.com\/wp-content\/uploads\/2018\/09\/IMG-20180903-WA0001-187x300.jpg\" alt=\"\" width=\"187\" height=\"300\" srcset=\"https:\/\/earlygrez.com\/wp-content\/uploads\/2018\/09\/IMG-20180903-WA0001-187x300.jpg 187w, https:\/\/earlygrez.com\/wp-content\/uploads\/2018\/09\/IMG-20180903-WA0001.jpg 637w, https:\/\/earlygrez.com\/wp-content\/uploads\/2018\/09\/IMG-20180903-WA0001-230x370.jpg 230w, https:\/\/earlygrez.com\/wp-content\/uploads\/2018\/09\/IMG-20180903-WA0001-350x563.jpg 350w, https:\/\/earlygrez.com\/wp-content\/uploads\/2018\/09\/IMG-20180903-WA0001-480x772.jpg 480w\" sizes=\"(max-width: 187px) 100vw, 187px\" \/>\u00a0<\/p><p>\u00a0<img decoding=\"async\" class=\"alignnone size-medium wp-image-220\" src=\"http:\/\/earlygrez.com\/wp-content\/uploads\/2018\/09\/IMG-20180903-WA0003-189x300.jpg\" alt=\"\" width=\"189\" height=\"300\" srcset=\"https:\/\/earlygrez.com\/wp-content\/uploads\/2018\/09\/IMG-20180903-WA0003-189x300.jpg 189w, https:\/\/earlygrez.com\/wp-content\/uploads\/2018\/09\/IMG-20180903-WA0003.jpg 646w, https:\/\/earlygrez.com\/wp-content\/uploads\/2018\/09\/IMG-20180903-WA0003-230x365.jpg 230w, https:\/\/earlygrez.com\/wp-content\/uploads\/2018\/09\/IMG-20180903-WA0003-350x555.jpg 350w, https:\/\/earlygrez.com\/wp-content\/uploads\/2018\/09\/IMG-20180903-WA0003-480x761.jpg 480w\" sizes=\"(max-width: 189px) 100vw, 189px\" \/> <\/p>\t\t\t\t\t\t\t\t<\/div>\n\t\t\t\t<\/div>\n\t\t\t\t\t<\/div>\n\t\t<\/div>\n\t\t\t\t\t<\/div>\n\t\t<\/section>\n\t\t\t\t<\/div>\n\t\t","protected":false},"excerpt":{"rendered":"<p>The &#8220;Belle&#8221; room has cosy cottage feel, a Queen size double bed (160cm) with Linen Sheets and its own en-suite bathroom and [&hellip;]<\/p>\n","protected":false},"author":1,"featured_media":8,"parent":0,"menu_order":0,"comment_status":"closed","ping_status":"closed","template":"","meta":{"footnotes":""},"class_list":["post-113","page","type-page","status-publish","has-post-thumbnail","hentry"],"_links":{"self":[{"href":"https:\/\/earlygrez.com\/en\/wp-json\/wp\/v2\/pages\/113","targetHints":{"allow":["GET"]}}],"collection":[{"href":"https:\/\/earlygrez.com\/en\/wp-json\/wp\/v2\/pages"}],"about":[{"href":"https:\/\/earlygrez.com\/en\/wp-json\/wp\/v2\/types\/page"}],"author":[{"embeddable":true,"href":"https:\/\/earlygrez.com\/en\/wp-json\/wp\/v2\/users\/1"}],"replies":[{"embeddable":true,"href":"https:\/\/earlygrez.com\/en\/wp-json\/wp\/v2\/comments?post=113"}],"version-history":[{"count":25,"href":"https:\/\/earlygrez.com\/en\/wp-json\/wp\/v2\/pages\/113\/revisions"}],"predecessor-version":[{"id":777,"href":"https:\/\/earlygrez.com\/en\/wp-json\/wp\/v2\/pages\/113\/revisions\/777"}],"wp:featuredmedia":[{"embeddable":true,"href":"https:\/\/earlygrez.com\/en\/wp-json\/wp\/v2\/media\/8"}],"wp:attachment":[{"href":"https:\/\/earlygrez.com\/en\/wp-json\/wp\/v2\/media?parent=113"}],"curies":[{"name":"wp","href":"https:\/\/api.w.org\/{rel}","templated":true}]}}