{"id":32,"date":"2018-04-16T15:57:57","date_gmt":"2018-04-16T13:57:57","guid":{"rendered":"http:\/\/earlygrez.com\/?page_id=32"},"modified":"2026-04-25T10:37:47","modified_gmt":"2026-04-25T08:37:47","slug":"contact","status":"publish","type":"page","link":"http:\/\/earlygrez.com\/en\/contact\/","title":{"rendered":"Prices and Contact"},"content":{"rendered":"\t\t<div data-elementor-type=\"wp-page\" data-elementor-id=\"32\" class=\"elementor elementor-32\" data-elementor-settings=\"{&quot;ha_cmc_init_switcher&quot;:&quot;no&quot;}\">\n\t\t\t\t\t\t<section class=\"elementor-section elementor-top-section elementor-element elementor-element-5891b96 elementor-section-boxed elementor-section-height-default elementor-section-height-default\" data-id=\"5891b96\" data-element_type=\"section\" data-e-type=\"section\" data-settings=\"{&quot;_ha_eqh_enable&quot;:false}\">\n\t\t\t\t\t\t<div class=\"elementor-container elementor-column-gap-default\">\n\t\t\t\t\t<div class=\"elementor-column elementor-col-100 elementor-top-column elementor-element elementor-element-2919140\" data-id=\"2919140\" data-element_type=\"column\" data-e-type=\"column\">\n\t\t\t<div class=\"elementor-widget-wrap elementor-element-populated\">\n\t\t\t\t\t\t<div class=\"elementor-element elementor-element-4de52a7 elementor-widget elementor-widget-text-editor\" data-id=\"4de52a7\" data-element_type=\"widget\" data-e-type=\"widget\" data-widget_type=\"text-editor.default\">\n\t\t\t\t<div class=\"elementor-widget-container\">\n\t\t\t\t\t\t\t\t\t<p>Tarifs:<\/p><p class=\"MsoListParagraph\" style=\"mso-add-space: auto; text-indent: -10.95pt; mso-list: l0 level1 lfo1; margin: 0cm 20.3pt .0001pt 21.3pt;\"><a name=\"_Hlk165475272\"><\/a><!-- [if !supportLists]--><i><\/i><\/p><ul><li>Chambre &#8220;Belle&#8221; pour une ou deux personnes: 150\u20ac la nuit\u00e9e. 2\u00e8me nuit\u00e9e 110\u20ac (hors week-ends et jours f\u00e9ri\u00e9s).<\/li><li>Chambre &#8220;Karine&#8221; 170\u20ac la nuit\u00e9e (1 \u00e0 3 personnes), 2\u00e8me nuit\u00e9e 110\u20ac (hors week-ends et jours f\u00e9ri\u00e9s). Lit 160x200cm et lit 80x200cm.<\/li><\/ul><p>Petit d\u00e9jeuner et WiFi compris. Taxe de s\u00e9jour en suppl\u00e9ment 1,47\u20ac par personne et par nuit.<\/p><p>Pour toute r\u00e9servation, le paiement en avance d&#8217;une nuit\u00e9e sera demand\u00e9, non remboursable.<\/p><p>Prix \u200b\u200bde derni\u00e8re minute sur demande.<\/p><p><\/p><p>\u00a0<\/p>\t\t\t\t\t\t\t\t<\/div>\n\t\t\t\t<\/div>\n\t\t\t\t\t<\/div>\n\t\t<\/div>\n\t\t\t\t\t<\/div>\n\t\t<\/section>\n\t\t\t\t<section class=\"elementor-section elementor-top-section elementor-element elementor-element-5d6e226d elementor-section-boxed elementor-section-height-default elementor-section-height-default\" data-id=\"5d6e226d\" data-element_type=\"section\" data-e-type=\"section\" data-settings=\"{&quot;_ha_eqh_enable&quot;:false}\">\n\t\t\t\t\t\t<div class=\"elementor-container elementor-column-gap-default\">\n\t\t\t\t\t<div class=\"elementor-column elementor-col-50 elementor-top-column elementor-element elementor-element-1e98b6c0\" data-id=\"1e98b6c0\" data-element_type=\"column\" data-e-type=\"column\">\n\t\t\t<div class=\"elementor-widget-wrap elementor-element-populated\">\n\t\t\t\t\t\t<div class=\"elementor-element elementor-element-0a6b76c elementor-widget elementor-widget-text-editor\" data-id=\"0a6b76c\" data-element_type=\"widget\" data-e-type=\"widget\" data-widget_type=\"text-editor.default\">\n\t\t\t\t<div class=\"elementor-widget-container\">\n\t\t\t\t\t\t\t\t\t<p><b>Contact<\/b>:<\/p><p>Tel: +33 7 87 95 62 45<\/p><p>mail: <a href=\"info@earlygrez.com\">contact@earlygrez.com\u00a0<\/a><\/p><p><\/p>\t\t\t\t\t\t\t\t<\/div>\n\t\t\t\t<\/div>\n\t\t\t\t\t<\/div>\n\t\t<\/div>\n\t\t\t\t<div class=\"elementor-column elementor-col-50 elementor-top-column elementor-element elementor-element-1c6576f\" data-id=\"1c6576f\" data-element_type=\"column\" data-e-type=\"column\">\n\t\t\t<div class=\"elementor-widget-wrap elementor-element-populated\">\n\t\t\t\t\t\t<div class=\"elementor-element elementor-element-cde79b5 elementor-widget elementor-widget-text-editor\" data-id=\"cde79b5\" data-element_type=\"widget\" data-e-type=\"widget\" data-widget_type=\"text-editor.default\">\n\t\t\t\t<div class=\"elementor-widget-container\">\n\t\t\t\t\t\t\t\t\t<p><b>Comment nous trouver :<\/b><\/p><p><b>\u00a0<\/b>132 Rue Wilson<\/p><p>77880, Grez-sur-Loing<\/p><p><\/p>\t\t\t\t\t\t\t\t<\/div>\n\t\t\t\t<\/div>\n\t\t\t\t<div class=\"elementor-element elementor-element-675df7d elementor-widget elementor-widget-google_maps\" data-id=\"675df7d\" data-element_type=\"widget\" data-e-type=\"widget\" data-widget_type=\"google_maps.default\">\n\t\t\t\t<div class=\"elementor-widget-container\">\n\t\t\t\t\t\t\t<div class=\"elementor-custom-embed\">\n\t\t\t<iframe loading=\"lazy\"\n\t\t\t\t\tsrc=\"https:\/\/maps.google.com\/maps?q=early%20grez&#038;t=m&#038;z=9&#038;output=embed&#038;iwloc=near\"\n\t\t\t\t\ttitle=\"early grez\"\n\t\t\t\t\taria-label=\"early grez\"\n\t\t\t><\/iframe>\n\t\t<\/div>\n\t\t\t\t\t\t<\/div>\n\t\t\t\t<\/div>\n\t\t\t\t\t<\/div>\n\t\t<\/div>\n\t\t\t\t\t<\/div>\n\t\t<\/section>\n\t\t\t\t<\/div>\n\t\t","protected":false},"excerpt":{"rendered":"<p>Our Prices: The &#8220;Belle&#8221; Room: one or two people (double bed 160x200cm): 150 \u20ac per night. 2nd night 110\u20ac (excluding weekends and [&hellip;]<\/p>\n","protected":false},"author":1,"featured_media":0,"parent":0,"menu_order":0,"comment_status":"closed","ping_status":"closed","template":"","meta":{"footnotes":""},"class_list":["post-32","page","type-page","status-publish","hentry"],"_links":{"self":[{"href":"http:\/\/earlygrez.com\/en\/wp-json\/wp\/v2\/pages\/32","targetHints":{"allow":["GET"]}}],"collection":[{"href":"http:\/\/earlygrez.com\/en\/wp-json\/wp\/v2\/pages"}],"about":[{"href":"http:\/\/earlygrez.com\/en\/wp-json\/wp\/v2\/types\/page"}],"author":[{"embeddable":true,"href":"http:\/\/earlygrez.com\/en\/wp-json\/wp\/v2\/users\/1"}],"replies":[{"embeddable":true,"href":"http:\/\/earlygrez.com\/en\/wp-json\/wp\/v2\/comments?post=32"}],"version-history":[{"count":45,"href":"http:\/\/earlygrez.com\/en\/wp-json\/wp\/v2\/pages\/32\/revisions"}],"predecessor-version":[{"id":802,"href":"http:\/\/earlygrez.com\/en\/wp-json\/wp\/v2\/pages\/32\/revisions\/802"}],"wp:attachment":[{"href":"http:\/\/earlygrez.com\/en\/wp-json\/wp\/v2\/media?parent=32"}],"curies":[{"name":"wp","href":"https:\/\/api.w.org\/{rel}","templated":true}]}}