{"id":28,"date":"2018-04-16T13:14:08","date_gmt":"2018-04-16T13:14:08","guid":{"rendered":"http:\/\/earlygrez.com\/?page_id=28"},"modified":"2024-05-02T21:08:32","modified_gmt":"2024-05-02T19:08:32","slug":"chambre-karine","status":"publish","type":"page","link":"http:\/\/earlygrez.com\/en\/chambre-karine\/","title":{"rendered":"&#8221;Karine&#8221; Bedroom"},"content":{"rendered":"\t\t<div data-elementor-type=\"wp-page\" data-elementor-id=\"28\" class=\"elementor elementor-28\" data-elementor-settings=\"{&quot;ha_cmc_init_switcher&quot;:&quot;no&quot;}\">\n\t\t\t\t\t\t<section class=\"elementor-section elementor-top-section elementor-element elementor-element-7b442f71 elementor-section-boxed elementor-section-height-default elementor-section-height-default\" data-id=\"7b442f71\" data-element_type=\"section\" data-e-type=\"section\" data-settings=\"{&quot;_ha_eqh_enable&quot;:false}\">\n\t\t\t\t\t\t<div class=\"elementor-container elementor-column-gap-default\">\n\t\t\t\t\t<div class=\"elementor-column elementor-col-100 elementor-top-column elementor-element elementor-element-418d8f15\" data-id=\"418d8f15\" data-element_type=\"column\" data-e-type=\"column\">\n\t\t\t<div class=\"elementor-widget-wrap elementor-element-populated\">\n\t\t\t\t\t\t<div class=\"elementor-element elementor-element-7020ff0c elementor-widget elementor-widget-text-editor\" data-id=\"7020ff0c\" data-element_type=\"widget\" data-e-type=\"widget\" data-widget_type=\"text-editor.default\">\n\t\t\t\t<div class=\"elementor-widget-container\">\n\t\t\t\t\t\t\t\t\t<p><\/p>\n<p><img fetchpriority=\"high\" decoding=\"async\" class=\"size-medium wp-image-34 alignright\" src=\"http:\/\/earlygrez.com\/wp-content\/uploads\/2018\/04\/Earlygrez-Carl-Larsson-bedromm-7309b-1-300x201.jpg\" alt=\"\" width=\"300\" height=\"201\" srcset=\"http:\/\/earlygrez.com\/wp-content\/uploads\/2018\/04\/Earlygrez-Carl-Larsson-bedromm-7309b-1-300x201.jpg 300w, http:\/\/earlygrez.com\/wp-content\/uploads\/2018\/04\/Earlygrez-Carl-Larsson-bedromm-7309b-1-768x514.jpg 768w, http:\/\/earlygrez.com\/wp-content\/uploads\/2018\/04\/Earlygrez-Carl-Larsson-bedromm-7309b-1-1024x685.jpg 1024w, http:\/\/earlygrez.com\/wp-content\/uploads\/2018\/04\/Earlygrez-Carl-Larsson-bedromm-7309b-1-830x556.jpg 830w, http:\/\/earlygrez.com\/wp-content\/uploads\/2018\/04\/Earlygrez-Carl-Larsson-bedromm-7309b-1-230x154.jpg 230w, http:\/\/earlygrez.com\/wp-content\/uploads\/2018\/04\/Earlygrez-Carl-Larsson-bedromm-7309b-1-350x234.jpg 350w, http:\/\/earlygrez.com\/wp-content\/uploads\/2018\/04\/Earlygrez-Carl-Larsson-bedromm-7309b-1-480x321.jpg 480w, http:\/\/earlygrez.com\/wp-content\/uploads\/2018\/04\/Earlygrez-Carl-Larsson-bedromm-7309b-1.jpg 1936w\" sizes=\"(max-width: 300px) 100vw, 300px\" \/>Chambre tr\u00e8s lumineuse avec 1 lit de 160, salle de bains et WC s\u00e9par\u00e9s. Lit une personne suppl\u00e9mentaire en duplex \u2013 en option.<\/p>\n<p><img decoding=\"async\" class=\"wp-image-204 alignleft\" src=\"http:\/\/earlygrez.com\/wp-content\/uploads\/2018\/07\/300px-BritaAndI_Selfportrait-124x300.jpg\" alt=\"\" width=\"93\" height=\"225\" srcset=\"http:\/\/earlygrez.com\/wp-content\/uploads\/2018\/07\/300px-BritaAndI_Selfportrait-124x300.jpg 124w, http:\/\/earlygrez.com\/wp-content\/uploads\/2018\/07\/300px-BritaAndI_Selfportrait-230x557.jpg 230w, http:\/\/earlygrez.com\/wp-content\/uploads\/2018\/07\/300px-BritaAndI_Selfportrait.jpg 300w\" sizes=\"(max-width: 93px) 100vw, 93px\" \/>Cette chambre est am\u00e9nag\u00e9e en l&#8217;honneur du peintre su\u00e9dois Carl Larsson, un des aquarellistes les plus connus de son pays. En effet, il a s\u00e9journ\u00e9 dans notre village de Grez-sur-Loing, y a rencontr\u00e9 son \u00e9pouse Karine et c&#8217;est l\u00e0 qu&#8217;est n\u00e9e sa premi\u00e8re fille Suzanne.<\/p>\n<p>Draps en lin brod\u00e9s ~ Vue sur la rivi\u00e8re ~ Salon, balcon et salon priv\u00e9.<\/p>\n<p><img decoding=\"async\" class=\"wp-image-19 alignnone\" src=\"http:\/\/earlygrez.com\/wp-content\/uploads\/2018\/04\/EarlyGrez-Carl-Larssen-SdB-201x300.jpg\" alt=\"\" width=\"190\" height=\"284\" srcset=\"http:\/\/earlygrez.com\/wp-content\/uploads\/2018\/04\/EarlyGrez-Carl-Larssen-SdB-201x300.jpg 201w, http:\/\/earlygrez.com\/wp-content\/uploads\/2018\/04\/EarlyGrez-Carl-Larssen-SdB-768x1147.jpg 768w, http:\/\/earlygrez.com\/wp-content\/uploads\/2018\/04\/EarlyGrez-Carl-Larssen-SdB-685x1024.jpg 685w, http:\/\/earlygrez.com\/wp-content\/uploads\/2018\/04\/EarlyGrez-Carl-Larssen-SdB-830x1240.jpg 830w, http:\/\/earlygrez.com\/wp-content\/uploads\/2018\/04\/EarlyGrez-Carl-Larssen-SdB-230x344.jpg 230w, http:\/\/earlygrez.com\/wp-content\/uploads\/2018\/04\/EarlyGrez-Carl-Larssen-SdB-350x523.jpg 350w, http:\/\/earlygrez.com\/wp-content\/uploads\/2018\/04\/EarlyGrez-Carl-Larssen-SdB-480x717.jpg 480w, http:\/\/earlygrez.com\/wp-content\/uploads\/2018\/04\/EarlyGrez-Carl-Larssen-SdB.jpg 1296w\" sizes=\"(max-width: 190px) 100vw, 190px\" \/><\/p>\n<p style=\"text-align: center;\"><span style=\"color: #0000ff;\"><em><strong><a style=\"color: #0000ff;\" href=\"http:\/\/earlygrez.com\/contact\/\">Reservation<\/a><\/strong><\/em><\/span><\/p>\n<div>You need to add a widget, row, or prebuilt layout before you'll see anything here. \ud83d\ude42<\/div>\n<p><\/p>\t\t\t\t\t\t\t\t<\/div>\n\t\t\t\t<\/div>\n\t\t\t\t\t<\/div>\n\t\t<\/div>\n\t\t\t\t\t<\/div>\n\t\t<\/section>\n\t\t\t\t<\/div>\n\t\t","protected":false},"excerpt":{"rendered":"<p>Our \u2018Karine\u2019 room is very light and airy with a Queen size double bed (160cm) with Linen Sheets, en-suite bathroom and separate [&hellip;]<\/p>\n","protected":false},"author":1,"featured_media":30,"parent":0,"menu_order":0,"comment_status":"closed","ping_status":"closed","template":"","meta":{"footnotes":""},"class_list":["post-28","page","type-page","status-publish","has-post-thumbnail","hentry"],"_links":{"self":[{"href":"http:\/\/earlygrez.com\/en\/wp-json\/wp\/v2\/pages\/28","targetHints":{"allow":["GET"]}}],"collection":[{"href":"http:\/\/earlygrez.com\/en\/wp-json\/wp\/v2\/pages"}],"about":[{"href":"http:\/\/earlygrez.com\/en\/wp-json\/wp\/v2\/types\/page"}],"author":[{"embeddable":true,"href":"http:\/\/earlygrez.com\/en\/wp-json\/wp\/v2\/users\/1"}],"replies":[{"embeddable":true,"href":"http:\/\/earlygrez.com\/en\/wp-json\/wp\/v2\/comments?post=28"}],"version-history":[{"count":30,"href":"http:\/\/earlygrez.com\/en\/wp-json\/wp\/v2\/pages\/28\/revisions"}],"predecessor-version":[{"id":778,"href":"http:\/\/earlygrez.com\/en\/wp-json\/wp\/v2\/pages\/28\/revisions\/778"}],"wp:featuredmedia":[{"embeddable":true,"href":"http:\/\/earlygrez.com\/en\/wp-json\/wp\/v2\/media\/30"}],"wp:attachment":[{"href":"http:\/\/earlygrez.com\/en\/wp-json\/wp\/v2\/media?parent=28"}],"curies":[{"name":"wp","href":"https:\/\/api.w.org\/{rel}","templated":true}]}}